{"id":569,"date":"2024-12-14T10:33:48","date_gmt":"2024-12-14T09:33:48","guid":{"rendered":"http:\/\/wordpress2362166.home.pl\/autoinstalator\/wordpressplugins\/?page_id=569"},"modified":"2024-12-23T19:01:14","modified_gmt":"2024-12-23T18:01:14","slug":"jak-zakupic","status":"publish","type":"page","link":"https:\/\/jackdivershop.pl\/index.php\/jak-zakupic\/","title":{"rendered":"JAK ZAKUPI\u0106"},"content":{"rendered":"<div class=\"n2-section-smartslider fitvidsignore  n2_clear\" data-ssid=\"42\" tabindex=\"0\" role=\"region\" aria-label=\"Slider\"><div id=\"n2-ss-42-align\" class=\"n2-ss-align\"><div class=\"n2-padding\"><div id=\"n2-ss-42\" data-creator=\"Smart Slider 3\" data-responsive=\"fullwidth\" class=\"n2-ss-slider n2-ow n2-has-hover n2notransition  n2-ss-feature-post-bg-loader\">\n        <div class=\"n2-ss-slider-1 n2-ow\">\n            <div class=\"n2-ss-slider-2 n2-ow\">\n                <div class=\"n2-ss-slide-backgrounds n2-ow-all\"><div class=\"n2-ss-slide-background\" data-public-id=\"1\" data-mode=\"blurfit\"><div class=\"n2-ss-slide-background-image\" data-blur=\"9\" data-opacity=\"80\" data-x=\"71\" data-y=\"59\" data-alt=\"\" data-title=\"\" style=\"margin:-14px;padding:14px\" data-globalblur=\"7\" data-bgblur=\"7\"><picture style=\"filter:blur(7px)\" class=\"skip-lazy\" data-skip-lazy=\"1\"><source srcset=\"\/\/jackdivershop.pl\/wp-content\/uploads\/slider\/cache\/9c0d356e6b7d7ea04fc9aca036447b2e\/_DSC7450.webp\" type=\"image\/webp\" media=\"(max-width: 500px)\" class=\"skip-lazy\" data-skip-lazy=\"1\"><source srcset=\"\/\/jackdivershop.pl\/wp-content\/uploads\/slider\/cache\/80c896ca6b955ebd735db6a5c621fffd\/_DSC7450.webp\" type=\"image\/webp\" media=\"(max-width: 1200px)\" class=\"skip-lazy\" data-skip-lazy=\"1\"><source srcset=\"\/\/jackdivershop.pl\/wp-content\/uploads\/slider\/cache\/829e4b1dcc71e63173a48841db9431bf\/_DSC7450.webp\" type=\"image\/webp\" class=\"skip-lazy\" data-skip-lazy=\"1\"><img decoding=\"async\" src=\"\/\/jackdivershop.pl\/wp-content\/uploads\/slider\/cache\/81be3510b354ea9193da1eaffd273f4c\/_DSC7450.jpg\" alt=\"\" title=\"\" loading=\"lazy\" class=\"skip-lazy\" data-skip-lazy=\"1\"><\/picture><\/div><div class=\"n2-ss-slide-background-image\" data-blur=\"9\" data-opacity=\"80\" data-x=\"71\" data-y=\"59\" data-alt=\"\" data-title=\"\" style=\"opacity:0.8;--ss-o-pos-x:71%;--ss-o-pos-y:59%\"><picture class=\"skip-lazy\" data-skip-lazy=\"1\"><source srcset=\"\/\/jackdivershop.pl\/wp-content\/uploads\/slider\/cache\/9c0d356e6b7d7ea04fc9aca036447b2e\/_DSC7450.webp\" type=\"image\/webp\" media=\"(max-width: 500px)\" class=\"skip-lazy\" data-skip-lazy=\"1\"><source srcset=\"\/\/jackdivershop.pl\/wp-content\/uploads\/slider\/cache\/80c896ca6b955ebd735db6a5c621fffd\/_DSC7450.webp\" type=\"image\/webp\" media=\"(max-width: 1200px)\" class=\"skip-lazy\" data-skip-lazy=\"1\"><source srcset=\"\/\/jackdivershop.pl\/wp-content\/uploads\/slider\/cache\/829e4b1dcc71e63173a48841db9431bf\/_DSC7450.webp\" type=\"image\/webp\" class=\"skip-lazy\" data-skip-lazy=\"1\"><img decoding=\"async\" src=\"\/\/jackdivershop.pl\/wp-content\/uploads\/slider\/cache\/81be3510b354ea9193da1eaffd273f4c\/_DSC7450.jpg\" alt=\"\" title=\"\" loading=\"lazy\" class=\"skip-lazy\" data-skip-lazy=\"1\"><\/picture><\/div><div data-color=\"RGBA(0,0,0,1)\" style=\"background-color: RGBA(0,0,0,1);\" class=\"n2-ss-slide-background-color\"><\/div><\/div><\/div>                <div class=\"n2-ss-slider-3 n2-ow\">\n                    <svg xmlns=\"http:\/\/www.w3.org\/2000\/svg\" viewBox=\"0 0 1200 800\" data-related-device=\"desktopPortrait\" class=\"n2-ow n2-ss-preserve-size n2-ss-preserve-size--slider n2-ss-slide-limiter\"><\/svg><div data-first=\"1\" data-slide-duration=\"0\" data-id=\"730\" data-slide-public-id=\"1\" data-title=\"blockbackground\" class=\"n2-ss-slide n2-ow  n2-ss-slide-730\"><div role=\"note\" class=\"n2-ss-slide--focus\" tabindex=\"-1\">blockbackground<\/div><div class=\"n2-ss-layers-container n2-ss-slide-limiter n2-ow\"><div class=\"n2-ss-layer n2-ow n-uc-8q8ymPpwW8AL\" data-sstype=\"slide\" data-pm=\"default\"><div class=\"n2-ss-layer n2-ow n-uc-xwj2vdUvEgrq\" data-pm=\"default\" data-animv2=\"{&quot;basic&quot;:{&quot;in&quot;:{&quot;type&quot;:&quot;basic&quot;,&quot;name&quot;:&quot;Bounce in&quot;,&quot;keyFrames&quot;:[{&quot;duration&quot;:0.2,&quot;opacity&quot;:0,&quot;scaleX&quot;:0.3,&quot;scaleY&quot;:0.3},{&quot;duration&quot;:0.2,&quot;opacity&quot;:0.33,&quot;scaleX&quot;:1.1,&quot;scaleY&quot;:1.1},{&quot;duration&quot;:0.2,&quot;opacity&quot;:0.66,&quot;scaleX&quot;:0.9,&quot;scaleY&quot;:0.9},{&quot;duration&quot;:0.2,&quot;scaleX&quot;:1.03,&quot;scaleY&quot;:1.03},{&quot;duration&quot;:0.2,&quot;scaleX&quot;:0.97,&quot;scaleY&quot;:0.97}]}}}\" data-ssparallax=\"2\" data-sstype=\"content\" data-hasbackground=\"0\"><div class=\"n2-ss-section-main-content n2-ss-layer-with-background n2-ss-layer-content n2-ow n-uc-xwj2vdUvEgrq-inner\"><div class=\"n2-ss-layer n2-ow n-uc-HnonKxxjR0Vj\" data-pm=\"normal\" data-animv2=\"{&quot;specialZero&quot;:0,&quot;transformOrigin&quot;:&quot;50|*|50|*|0&quot;,&quot;basic&quot;:{&quot;in&quot;:{&quot;keyFrames&quot;:[{&quot;duration&quot;:1.5,&quot;opacity&quot;:0,&quot;x&quot;:&quot;20&quot;}]}}}\" data-sstype=\"layer\"><div id=\"n2-ss-42item1\" class=\"n2-font-6f513300702144513057db3c5395678b-hover n2-style-f8293b450b12ef15d5c4ff97a617a3e3-heading   n2-ss-item-content n2-ss-text n2-ow\" style=\"display:block;\">SPODOBA\u0141A CI SI\u0118 NASZA OFERTA FOTOGRAFII PODWODNEJ ?<\/div><\/div><div class=\"n2-ss-layer n2-ow n-uc-SlglxU7YV2J6\" data-pm=\"normal\" data-animv2=\"{&quot;specialZero&quot;:0,&quot;transformOrigin&quot;:&quot;50|*|50|*|0&quot;,&quot;basic&quot;:{&quot;in&quot;:{&quot;keyFrames&quot;:[{&quot;duration&quot;:1.5,&quot;delay&quot;:0.6,&quot;opacity&quot;:0,&quot;x&quot;:&quot;20&quot;}]}}}\" data-ssparallax=\"2\" data-sstype=\"layer\"><div id=\"n2-ss-42item2\" class=\"n2-ss-animated-heading-wrapper n2-font-9ecf0c63d8f8a8bfdfedd01d12b08247-highlight  n2-style-4abd201242d81e39afa08f691f9386b5-highlight  n2-ss-item-content n2-ss-text n2-ow-all\"><ss-text class=\"n2-highlighted n2-ss-animated-heading-i\" data-animation-type=\"typewriter1\" data-show-duration=\"2000\" data-loop=\"1\"><div class=\"n2-ss-animated-heading-i2\"><div class=\"n2-ss-animated-heading-i-text\">JAK DOKONA\u0106 ZAKUPU ?<\/div><\/div><\/ss-text><\/div><\/div><div class=\"n2-ss-layer n2-ow n-uc-A4QcsMascmH0\" data-pm=\"normal\" data-animv2=\"{&quot;specialZero&quot;:0,&quot;transformOrigin&quot;:&quot;50|*|50|*|0&quot;,&quot;basic&quot;:{&quot;in&quot;:{&quot;keyFrames&quot;:[{&quot;duration&quot;:1.5,&quot;delay&quot;:1.3,&quot;opacity&quot;:0,&quot;x&quot;:&quot;20&quot;}]}}}\" data-sstype=\"layer\"><div class=\"n2-ss-item-content n2-ss-text n2-ow-all\"><div class=\"\"><p class=\"n2-font-b298933ad5d84e997f590abad95ebad1-paragraph  n2-style-bab06db9474a658c47dcc379b2c2f7d0-heading  \">Aby dokona\u0107 zakupu produkt\u00f3w z naszej oferty przejd\u017a najpierw do naszej OFERTY PODWODNEJ i wybierz interesuj\u0105cy Ci\u0119 produkt z fotografi\u0105 podwodn\u0105. Nast\u0119pnie z naszej PODWODNEJ GALERII wybierz interesuj\u0105c\u0105 Ci\u0119 fotografi\u0119. Po dokonaniu wyboru skontaktuj si\u0119 z nami mailowo lub telefoniczne, aby ustali\u0107 cen\u0119. Wszystkie zam\u00f3wienia wyceniamy i realizujemy na indywidualne zlecenie. Licencje na u\u017cytkowanie oraz wydruki w klasycznej oprawie mo\u017cesz te\u017c naby\u0107 bezpo\u015brednio w sklepie online.<\/p>\n<\/div><\/div><\/div><div class=\"n2-ss-layer n2-ow n-uc-F2DmMxUhwizb\" data-pm=\"normal\" data-animv2=\"{&quot;specialZero&quot;:0,&quot;transformOrigin&quot;:&quot;50|*|50|*|0&quot;,&quot;basic&quot;:{&quot;in&quot;:{&quot;keyFrames&quot;:[{&quot;duration&quot;:1.5,&quot;delay&quot;:1.8,&quot;opacity&quot;:0,&quot;x&quot;:&quot;20&quot;}]}}}\" data-sstype=\"layer\"><div class=\"n2-ss-button-container n2-ss-item-content n2-ow n2-font-c8bb885077435b517bf399afc02d47ad-link \"><a class=\"n2-style-9030e4f94ed8dda23ccc65d899258c19-heading  n2-ow \" target=\"_blank\" href=\"https:\/\/jackdivershop.pl\/index.php\/category\/fotografia-podwodna\/\"><div><div>PODWODNA OFERTA<\/div><\/div><\/a><\/div><\/div><div class=\"n2-ss-layer n2-ow n-uc-1ccf6c027a32d\" data-pm=\"normal\" data-animv2=\"{&quot;specialZero&quot;:0,&quot;transformOrigin&quot;:&quot;50|*|50|*|0&quot;,&quot;basic&quot;:{&quot;in&quot;:{&quot;keyFrames&quot;:[{&quot;duration&quot;:1.5,&quot;delay&quot;:1.8,&quot;opacity&quot;:0,&quot;x&quot;:&quot;20&quot;}]}}}\" data-sstype=\"layer\"><div class=\"n2-ss-button-container n2-ss-item-content n2-ow n2-font-c8bb885077435b517bf399afc02d47ad-link \"><a class=\"n2-style-9030e4f94ed8dda23ccc65d899258c19-heading  n2-ow \" target=\"_blank\" href=\"https:\/\/jackdivershop.pl\/index.php\/category\/galeria\/\"><div><div>PODWODNA GALERIA<\/div><\/div><\/a><\/div><\/div><div class=\"n2-ss-layer n2-ow n-uc-14e056b9dd8f2\" data-pm=\"normal\" data-animv2=\"{&quot;specialZero&quot;:0,&quot;transformOrigin&quot;:&quot;50|*|50|*|0&quot;,&quot;basic&quot;:{&quot;in&quot;:{&quot;keyFrames&quot;:[{&quot;duration&quot;:1.5,&quot;delay&quot;:1.8,&quot;opacity&quot;:0,&quot;x&quot;:&quot;20&quot;}]}}}\" data-sstype=\"layer\"><div class=\"n2-ss-button-container n2-ss-item-content n2-ow n2-font-c8bb885077435b517bf399afc02d47ad-link \"><a class=\"n2-style-9030e4f94ed8dda23ccc65d899258c19-heading  n2-ow \" target=\"_blank\" href=\"https:\/\/jackdivershop.pl\/index.php\/kontakt\/\"><div><div>KONTAKT<\/div><\/div><\/a><\/div><\/div><div class=\"n2-ss-layer n2-ow n-uc-18a81a430c23c\" data-pm=\"normal\" data-animv2=\"{&quot;specialZero&quot;:0,&quot;transformOrigin&quot;:&quot;50|*|50|*|0&quot;,&quot;basic&quot;:{&quot;in&quot;:{&quot;keyFrames&quot;:[{&quot;duration&quot;:1.5,&quot;delay&quot;:1.8,&quot;opacity&quot;:0,&quot;x&quot;:&quot;20&quot;}]}}}\" data-sstype=\"layer\"><div class=\"n2-ss-button-container n2-ss-item-content n2-ow n2-font-c8bb885077435b517bf399afc02d47ad-link  n2-ss-nowrap\"><a class=\"n2-style-9030e4f94ed8dda23ccc65d899258c19-heading  n2-ow \" target=\"_blank\" href=\"https:\/\/jackdivershop.picfair.com\/\"><div><div>LICENCJE I WYDRUKI SKLEP ONLINE<\/div><\/div><\/a><\/div><\/div><div class=\"n2-ss-layer n2-ow n2-ss-layer--block n2-ss-has-self-align n-uc-ARx8ROifXT7C\" data-pm=\"normal\" data-sstype=\"row\"><div class=\"n2-ss-layer-row n2-ss-layer-with-background n-uc-ARx8ROifXT7C-inner\"><div class=\"n2-ss-layer-row-inner \"><div class=\"n2-ss-layer n2-ow n-uc-IdDPw4uILoZy\" data-pm=\"default\" data-sstype=\"col\"><div class=\"n2-ss-layer-col n2-ss-layer-with-background n2-ss-layer-content n-uc-IdDPw4uILoZy-inner\"><\/div><\/div><div class=\"n2-ss-layer n2-ow n-uc-0FdgWbKNHAC4\" data-pm=\"default\" data-sstype=\"col\"><div class=\"n2-ss-layer-col n2-ss-layer-with-background n2-ss-layer-content n-uc-0FdgWbKNHAC4-inner\"><\/div><\/div><\/div><\/div><\/div><\/div><\/div><\/div><\/div><\/div>                <\/div>\n                            <\/div>\n        <\/div>\n        <\/div><ss3-loader><\/ss3-loader><\/div><\/div><div class=\"n2_clear\"><\/div><\/div>\n\n\n<p><\/p>\n","protected":false},"excerpt":{"rendered":"","protected":false},"author":1,"featured_media":0,"parent":0,"menu_order":0,"comment_status":"closed","ping_status":"closed","template":"","meta":{"footnotes":""},"class_list":["post-569","page","type-page","status-publish","hentry"],"yoast_head":"<!-- This site is optimized with the Yoast SEO Premium plugin v24.1 (Yoast SEO v24.1) - https:\/\/yoast.com\/wordpress\/plugins\/seo\/ -->\n<title>Metoda zakupu oferty - co musisz wiedzie\u0107 - jackdivershop.pl<\/title>\n<meta name=\"description\" content=\"Dowiedz si\u0119 o metodach zakupu naszej oferty. Sprawd\u017a, jak wygodnie i szybko mo\u017cna naby\u0107 ulubione produkty i us\u0142ugi.\" \/>\n<meta name=\"robots\" content=\"index, follow, max-snippet:-1, max-image-preview:large, max-video-preview:-1\" \/>\n<link rel=\"canonical\" href=\"https:\/\/jackdivershop.pl\/index.php\/jak-zakupic\/\" \/>\n<meta property=\"og:locale\" content=\"pl_PL\" \/>\n<meta property=\"og:type\" content=\"article\" \/>\n<meta property=\"og:title\" content=\"JAK ZAKUPI\u0106\" \/>\n<meta property=\"og:description\" content=\"Dowiedz si\u0119 o metodach zakupu naszej oferty. Sprawd\u017a, jak wygodnie i szybko mo\u017cna naby\u0107 ulubione produkty i us\u0142ugi.\" \/>\n<meta property=\"og:url\" content=\"https:\/\/jackdivershop.pl\/index.php\/jak-zakupic\/\" \/>\n<meta property=\"og:site_name\" content=\"jackdivershop.pl\" \/>\n<meta property=\"article:publisher\" content=\"https:\/\/www.facebook.com\/profile.php?id=100015914972894\" \/>\n<meta property=\"article:modified_time\" content=\"2024-12-23T18:01:14+00:00\" \/>\n<meta name=\"twitter:card\" content=\"summary_large_image\" \/>\n<meta name=\"twitter:label1\" content=\"Szacowany czas czytania\" \/>\n\t<meta name=\"twitter:data1\" content=\"1 minuta\" \/>\n<script type=\"application\/ld+json\" class=\"yoast-schema-graph\">{\"@context\":\"https:\/\/schema.org\",\"@graph\":[{\"@type\":\"WebPage\",\"@id\":\"https:\/\/jackdivershop.pl\/index.php\/jak-zakupic\/\",\"url\":\"https:\/\/jackdivershop.pl\/index.php\/jak-zakupic\/\",\"name\":\"Metoda zakupu oferty - co musisz wiedzie\u0107 - jackdivershop.pl\",\"isPartOf\":{\"@id\":\"https:\/\/jackdivershop.pl\/#website\"},\"datePublished\":\"2024-12-14T09:33:48+00:00\",\"dateModified\":\"2024-12-23T18:01:14+00:00\",\"description\":\"Dowiedz si\u0119 o metodach zakupu naszej oferty. Sprawd\u017a, jak wygodnie i szybko mo\u017cna naby\u0107 ulubione produkty i us\u0142ugi.\",\"breadcrumb\":{\"@id\":\"https:\/\/jackdivershop.pl\/index.php\/jak-zakupic\/#breadcrumb\"},\"inLanguage\":\"pl-PL\",\"potentialAction\":[{\"@type\":\"ReadAction\",\"target\":[\"https:\/\/jackdivershop.pl\/index.php\/jak-zakupic\/\"]}]},{\"@type\":\"BreadcrumbList\",\"@id\":\"https:\/\/jackdivershop.pl\/index.php\/jak-zakupic\/#breadcrumb\",\"itemListElement\":[{\"@type\":\"ListItem\",\"position\":1,\"name\":\"Home\",\"item\":\"https:\/\/jackdivershop.pl\/\"},{\"@type\":\"ListItem\",\"position\":2,\"name\":\"JAK ZAKUPI\u0106\"}]},{\"@type\":\"WebSite\",\"@id\":\"https:\/\/jackdivershop.pl\/#website\",\"url\":\"https:\/\/jackdivershop.pl\/\",\"name\":\"jackdivershop.pl\",\"description\":\"nurkowanie i fotografia podwodna\",\"publisher\":{\"@id\":\"https:\/\/jackdivershop.pl\/#organization\"},\"potentialAction\":[{\"@type\":\"SearchAction\",\"target\":{\"@type\":\"EntryPoint\",\"urlTemplate\":\"https:\/\/jackdivershop.pl\/?s={search_term_string}\"},\"query-input\":{\"@type\":\"PropertyValueSpecification\",\"valueRequired\":true,\"valueName\":\"search_term_string\"}}],\"inLanguage\":\"pl-PL\"},{\"@type\":\"Organization\",\"@id\":\"https:\/\/jackdivershop.pl\/#organization\",\"name\":\"jackdivershop.pl\",\"url\":\"https:\/\/jackdivershop.pl\/\",\"logo\":{\"@type\":\"ImageObject\",\"inLanguage\":\"pl-PL\",\"@id\":\"https:\/\/jackdivershop.pl\/#\/schema\/logo\/image\/\",\"url\":\"https:\/\/wordpress2362166.home.pl\/autoinstalator\/wordpressplugins\/wp-content\/uploads\/2024\/12\/logo.png\",\"contentUrl\":\"https:\/\/wordpress2362166.home.pl\/autoinstalator\/wordpressplugins\/wp-content\/uploads\/2024\/12\/logo.png\",\"width\":728,\"height\":214,\"caption\":\"jackdivershop.pl\"},\"image\":{\"@id\":\"https:\/\/jackdivershop.pl\/#\/schema\/logo\/image\/\"},\"sameAs\":[\"https:\/\/www.facebook.com\/profile.php?id=100015914972894\"]}]}<\/script>\n<!-- \/ Yoast SEO Premium plugin. -->","yoast_head_json":{"title":"Metoda zakupu oferty - co musisz wiedzie\u0107 - jackdivershop.pl","description":"Dowiedz si\u0119 o metodach zakupu naszej oferty. Sprawd\u017a, jak wygodnie i szybko mo\u017cna naby\u0107 ulubione produkty i us\u0142ugi.","robots":{"index":"index","follow":"follow","max-snippet":"max-snippet:-1","max-image-preview":"max-image-preview:large","max-video-preview":"max-video-preview:-1"},"canonical":"https:\/\/jackdivershop.pl\/index.php\/jak-zakupic\/","og_locale":"pl_PL","og_type":"article","og_title":"JAK ZAKUPI\u0106","og_description":"Dowiedz si\u0119 o metodach zakupu naszej oferty. Sprawd\u017a, jak wygodnie i szybko mo\u017cna naby\u0107 ulubione produkty i us\u0142ugi.","og_url":"https:\/\/jackdivershop.pl\/index.php\/jak-zakupic\/","og_site_name":"jackdivershop.pl","article_publisher":"https:\/\/www.facebook.com\/profile.php?id=100015914972894","article_modified_time":"2024-12-23T18:01:14+00:00","twitter_card":"summary_large_image","twitter_misc":{"Szacowany czas czytania":"1 minuta"},"schema":{"@context":"https:\/\/schema.org","@graph":[{"@type":"WebPage","@id":"https:\/\/jackdivershop.pl\/index.php\/jak-zakupic\/","url":"https:\/\/jackdivershop.pl\/index.php\/jak-zakupic\/","name":"Metoda zakupu oferty - co musisz wiedzie\u0107 - jackdivershop.pl","isPartOf":{"@id":"https:\/\/jackdivershop.pl\/#website"},"datePublished":"2024-12-14T09:33:48+00:00","dateModified":"2024-12-23T18:01:14+00:00","description":"Dowiedz si\u0119 o metodach zakupu naszej oferty. Sprawd\u017a, jak wygodnie i szybko mo\u017cna naby\u0107 ulubione produkty i us\u0142ugi.","breadcrumb":{"@id":"https:\/\/jackdivershop.pl\/index.php\/jak-zakupic\/#breadcrumb"},"inLanguage":"pl-PL","potentialAction":[{"@type":"ReadAction","target":["https:\/\/jackdivershop.pl\/index.php\/jak-zakupic\/"]}]},{"@type":"BreadcrumbList","@id":"https:\/\/jackdivershop.pl\/index.php\/jak-zakupic\/#breadcrumb","itemListElement":[{"@type":"ListItem","position":1,"name":"Home","item":"https:\/\/jackdivershop.pl\/"},{"@type":"ListItem","position":2,"name":"JAK ZAKUPI\u0106"}]},{"@type":"WebSite","@id":"https:\/\/jackdivershop.pl\/#website","url":"https:\/\/jackdivershop.pl\/","name":"jackdivershop.pl","description":"nurkowanie i fotografia podwodna","publisher":{"@id":"https:\/\/jackdivershop.pl\/#organization"},"potentialAction":[{"@type":"SearchAction","target":{"@type":"EntryPoint","urlTemplate":"https:\/\/jackdivershop.pl\/?s={search_term_string}"},"query-input":{"@type":"PropertyValueSpecification","valueRequired":true,"valueName":"search_term_string"}}],"inLanguage":"pl-PL"},{"@type":"Organization","@id":"https:\/\/jackdivershop.pl\/#organization","name":"jackdivershop.pl","url":"https:\/\/jackdivershop.pl\/","logo":{"@type":"ImageObject","inLanguage":"pl-PL","@id":"https:\/\/jackdivershop.pl\/#\/schema\/logo\/image\/","url":"https:\/\/wordpress2362166.home.pl\/autoinstalator\/wordpressplugins\/wp-content\/uploads\/2024\/12\/logo.png","contentUrl":"https:\/\/wordpress2362166.home.pl\/autoinstalator\/wordpressplugins\/wp-content\/uploads\/2024\/12\/logo.png","width":728,"height":214,"caption":"jackdivershop.pl"},"image":{"@id":"https:\/\/jackdivershop.pl\/#\/schema\/logo\/image\/"},"sameAs":["https:\/\/www.facebook.com\/profile.php?id=100015914972894"]}]}},"_links":{"self":[{"href":"https:\/\/jackdivershop.pl\/index.php\/wp-json\/wp\/v2\/pages\/569","targetHints":{"allow":["GET"]}}],"collection":[{"href":"https:\/\/jackdivershop.pl\/index.php\/wp-json\/wp\/v2\/pages"}],"about":[{"href":"https:\/\/jackdivershop.pl\/index.php\/wp-json\/wp\/v2\/types\/page"}],"author":[{"embeddable":true,"href":"https:\/\/jackdivershop.pl\/index.php\/wp-json\/wp\/v2\/users\/1"}],"replies":[{"embeddable":true,"href":"https:\/\/jackdivershop.pl\/index.php\/wp-json\/wp\/v2\/comments?post=569"}],"version-history":[{"count":2,"href":"https:\/\/jackdivershop.pl\/index.php\/wp-json\/wp\/v2\/pages\/569\/revisions"}],"predecessor-version":[{"id":937,"href":"https:\/\/jackdivershop.pl\/index.php\/wp-json\/wp\/v2\/pages\/569\/revisions\/937"}],"wp:attachment":[{"href":"https:\/\/jackdivershop.pl\/index.php\/wp-json\/wp\/v2\/media?parent=569"}],"curies":[{"name":"wp","href":"https:\/\/api.w.org\/{rel}","templated":true}]}}